{"id":1182,"date":"2025-03-08T10:13:09","date_gmt":"2025-03-08T10:13:09","guid":{"rendered":"https:\/\/balimojo.dolcevitabali.com\/travel\/?post_type=product&#038;p=1182"},"modified":"2026-01-07T02:18:20","modified_gmt":"2026-01-07T02:18:20","slug":"bali-turisticki-vodic-hrvatsko-izdanje","status":"publish","type":"product","link":"https:\/\/balimojo.dolcevitabali.com\/travel\/en\/product\/bali-turisticki-vodic-hrvatsko-izdanje\/","title":{"rendered":"BALI TURISTI\u010cKI VODI\u010c ( PDF, hrvatsko izdanje)"},"content":{"rendered":"<p>PRVI DIGITALNI TURISTI\u010cKI VODI\u010c ZA BALI NA HRVATSKOM JEZIKU!<\/p>\n<p>Sadr\u017eane informacije:<\/p>\n<ul>\n<li>TOP odredi\u0161ta i atrakcije na Baliju!<\/li>\n<li>NAJBOLJI restorani i pla\u017eni klubovi (sa linkovima na Instagram!)<\/li>\n<li>ESENCIJALNE informacije o putovanju, religiji, kulturi, bontonu na Baliju<\/li>\n<li>pokrivene regije: UBUD, KUTA, SEMINYAK, CANGGU, ULUWATU, NUSA PENIDA, SANUR<\/li>\n<li>PRAKTI\u010cNI savjeti za putnike! (valuta, jezik, sigurnost, prijevoz, osiguranje)<\/li>\n<\/ul>\n<p>BONUS!<\/p>\n<ul>\n<li>najbolja mjesta za fotografiranje<\/li>\n<li>skriveni dragulji!<\/li>\n<li>glavne atrakcije na Nusa Penidi<\/li>\n<li>korisni kontakti i linkovi<\/li>\n<\/ul>\n<p>SVAKI kupac \u0107e dobiti sljede\u0107e, dopunjeno izdanje (na temelju va\u0161ih sugestija, \u017eelja i prijedloga) putem maila BESPLATNO!<\/p>\n","protected":false},"excerpt":{"rendered":"<p>PRVI DIGITALNI TURISTI\u010cKI VODI\u010c ZA BALI NA HRVATSKOM JEZIKU!<\/p>\n<p>Sve NAJBITNIJE o putovanju, kulturi, glavnim destinacijama, hrani, no\u0107nim izlascima, shoppingu&#8230;<\/p>\n<p>plus BONUS (skriveni dragulji, najbolja mjesta za fotografiju, Nusa Penida!)<\/p>\n<p>&nbsp;<\/p>\n","protected":false},"featured_media":1184,"comment_status":"open","ping_status":"closed","template":"","meta":{"om_disable_all_campaigns":false,"_monsterinsights_skip_tracking":false,"_monsterinsights_sitenote_active":false,"_monsterinsights_sitenote_note":"","_monsterinsights_sitenote_category":0,"ngg_post_thumbnail":0},"product_brand":[],"product_cat":[223],"product_tag":[224,229,230,231,228,225,226,227],"class_list":{"0":"post-1182","1":"product","2":"type-product","3":"status-publish","4":"has-post-thumbnail","6":"product_cat-ebooks","7":"product_tag-bali","8":"product_tag-bali-fotografija","9":"product_tag-bali-guide","10":"product_tag-bali-travel","11":"product_tag-bali-vodic","12":"product_tag-book","13":"product_tag-pdf","14":"product_tag-pdf-book","15":"latest_post","17":"first","18":"instock","19":"downloadable","20":"virtual","21":"purchasable","22":"product-type-simple"},"aioseo_notices":[],"_links":{"self":[{"href":"https:\/\/balimojo.dolcevitabali.com\/travel\/en\/wp-json\/wp\/v2\/product\/1182","targetHints":{"allow":["GET"]}}],"collection":[{"href":"https:\/\/balimojo.dolcevitabali.com\/travel\/en\/wp-json\/wp\/v2\/product"}],"about":[{"href":"https:\/\/balimojo.dolcevitabali.com\/travel\/en\/wp-json\/wp\/v2\/types\/product"}],"replies":[{"embeddable":true,"href":"https:\/\/balimojo.dolcevitabali.com\/travel\/en\/wp-json\/wp\/v2\/comments?post=1182"}],"wp:featuredmedia":[{"embeddable":true,"href":"https:\/\/balimojo.dolcevitabali.com\/travel\/en\/wp-json\/wp\/v2\/media\/1184"}],"wp:attachment":[{"href":"https:\/\/balimojo.dolcevitabali.com\/travel\/en\/wp-json\/wp\/v2\/media?parent=1182"}],"wp:term":[{"taxonomy":"product_brand","embeddable":true,"href":"https:\/\/balimojo.dolcevitabali.com\/travel\/en\/wp-json\/wp\/v2\/product_brand?post=1182"},{"taxonomy":"product_cat","embeddable":true,"href":"https:\/\/balimojo.dolcevitabali.com\/travel\/en\/wp-json\/wp\/v2\/product_cat?post=1182"},{"taxonomy":"product_tag","embeddable":true,"href":"https:\/\/balimojo.dolcevitabali.com\/travel\/en\/wp-json\/wp\/v2\/product_tag?post=1182"}],"curies":[{"name":"wp","href":"https:\/\/api.w.org\/{rel}","templated":true}]}}