{"id":773,"date":"2023-03-04T16:22:30","date_gmt":"2023-03-04T16:22:30","guid":{"rendered":"https:\/\/balimojo.dolcevitabali.com\/travel\/?page_id=773"},"modified":"2023-03-21T16:29:43","modified_gmt":"2023-03-21T16:29:43","slug":"tours","status":"publish","type":"page","link":"https:\/\/balimojo.dolcevitabali.com\/travel\/hr\/tours\/","title":{"rendered":"Izleti"},"content":{"rendered":"<p><strong>OPASKA<\/strong><br \/>\nPo\u010detne cijene za ve\u0107inu izleta navedenih ovdje odnose se na minimum od dva putnika, i uklju\u010duju iznajmljeno vozilo, voza\u010da, vodi\u010da i tro\u0161ak goriva.<br \/>\nZa to\u010dnije informacije obratite nam se <a href=\"https:\/\/balimojo.dolcevitabali.com\/travel\/hr\/contact\/\">ovdje<\/a>, ili putem Whatsapp, <a href=\"https:\/\/www.instagram.com\/balicroatian\/\" target=\"_blank\" rel=\"noopener\">Instagrama<\/a> ili Facebook messengera.<\/p>\n<p><strong>POPIS IZLETA<\/strong><\/p>\n<div class=\"yatra-shortcode-wrapper alignwide\"><div class=\"yatra-tour-list-container\"><div class=\"yatra-row yatra-tour-list-wrap\"><div class=\"yatra-col-sm-6 yatra-col-md-4 yatra-tour-list-item\">\n    <div class=\"yatra-item-inner\">\n                <div class=\"yatra-figure-wrap\">\n            <a href=\"https:\/\/balimojo.dolcevitabali.com\/travel\/hr\/tour\/kintamani-tour\/\">\n                <figure>\n                                                <img decoding=\"async\" src=\"https:\/\/balimojo.dolcevitabali.com\/travel\/wp-content\/uploads\/2023\/03\/tirta-empul.jpg\"\/>\n                        \n                <\/figure>\n            <\/a>\n            <div class=\"yatra-tour-price\">\n    <p><span>From <\/span>\n                                <span class=\"sales-price\">&#36;100<\/span>\n            <\/p>\n<\/div>        <\/div>\n        <div class=\"yatra-tour-meta\"><span class=\"yatra-cat-links activity-links\"><span class=\"screen-reader-text\">Activity<\/span><i class=\"yatra-icon fa fa-universal-access\"><\/i> <a href=\"https:\/\/balimojo.dolcevitabali.com\/travel\/hr\/activity\/gallery-visit\/\" rel=\"tag\">Posjet galeriji<\/a>,&nbsp;<a href=\"https:\/\/balimojo.dolcevitabali.com\/travel\/hr\/activity\/local-art-market\/\" rel=\"tag\">Lokalna tr\u017enica<\/a>,&nbsp;<a href=\"https:\/\/balimojo.dolcevitabali.com\/travel\/hr\/activity\/seeing-a-volcano\/\" rel=\"tag\">Pogled na vulkan<\/a>,&nbsp;<a href=\"https:\/\/balimojo.dolcevitabali.com\/travel\/hr\/activity\/tasting-local-food-and-beverages\/\" rel=\"tag\">Ku\u0161anje doma\u0107ih jela i pi\u0107a<\/a>,&nbsp;<a href=\"https:\/\/balimojo.dolcevitabali.com\/travel\/hr\/activity\/temple-visit\/\" rel=\"tag\">Posjet hramu<\/a><\/span><span class=\"yatra-cat-links destination-links\"><span class=\"screen-reader-text\">Destination<\/span><i class=\"yatra-icon fas fa-map-marker-alt\"><\/i> <a href=\"https:\/\/balimojo.dolcevitabali.com\/travel\/hr\/destination\/coffee-plantation\/\" rel=\"tag\">Planta\u017ea kave<\/a>,&nbsp;<a href=\"https:\/\/balimojo.dolcevitabali.com\/travel\/hr\/destination\/kintamani\/\" rel=\"tag\">Kintamani<\/a>,&nbsp;<a href=\"https:\/\/balimojo.dolcevitabali.com\/travel\/hr\/destination\/tegalalang-rice-field\/\" rel=\"tag\">Tegalalang ri\u017eina polja<\/a>,&nbsp;<a href=\"https:\/\/balimojo.dolcevitabali.com\/travel\/hr\/destination\/tirta-empul-holy-water-temple\/\" rel=\"tag\">Tirta Empul hram svete vode<\/a><\/span><span class=\"yatra-tour-duration\"><i class=\"yatra-icon fa fa-clock\"><\/i>1 Days<\/span><\/div>        <h2 class=\"yatra-tour-title\"><a\n                    href=\"https:\/\/balimojo.dolcevitabali.com\/travel\/hr\/tour\/kintamani-tour\/\">KINTAMANI TURA<\/a><\/h2>\n        <div class=\"yatra-tour-more\">\n            <a href=\"https:\/\/balimojo.dolcevitabali.com\/travel\/hr\/tour\/kintamani-tour\/\" class=\"yatra-button button yatra-tour-details-button\">\n                View Details            <\/a>\n        <\/div>\n    <\/div>\n<\/div><div class=\"yatra-col-sm-6 yatra-col-md-4 yatra-tour-list-item\">\n    <div class=\"yatra-item-inner\">\n                <div class=\"yatra-figure-wrap\">\n            <a href=\"https:\/\/balimojo.dolcevitabali.com\/travel\/hr\/tour\/west-nusa-penida\/\">\n                <figure>\n                                                <img decoding=\"async\" src=\"https:\/\/balimojo.dolcevitabali.com\/travel\/wp-content\/uploads\/2023\/03\/001-brokenbeach-1.jpg\"\/>\n                        \n                <\/figure>\n            <\/a>\n            <div class=\"yatra-tour-price\">\n    <p><span>From <\/span>\n                                <span class=\"sales-price\">&#36;85<\/span>\n            <\/p>\n<\/div>        <\/div>\n        <div class=\"yatra-tour-meta\"><span class=\"yatra-cat-links activity-links\"><span class=\"screen-reader-text\">Activity<\/span><i class=\"yatra-icon fa fa-universal-access\"><\/i> <a href=\"https:\/\/balimojo.dolcevitabali.com\/travel\/hr\/activity\/boat-ride\/\" rel=\"tag\">Vo\u017enja brodom<\/a>,&nbsp;<a href=\"https:\/\/balimojo.dolcevitabali.com\/travel\/hr\/activity\/photography\/\" rel=\"tag\">Fotografija<\/a>,&nbsp;<a href=\"https:\/\/balimojo.dolcevitabali.com\/travel\/hr\/activity\/swimming\/\" rel=\"tag\">Plivanje<\/a><\/span><span class=\"yatra-cat-links destination-links\"><span class=\"screen-reader-text\">Destination<\/span><i class=\"yatra-icon fas fa-map-marker-alt\"><\/i> <a href=\"https:\/\/balimojo.dolcevitabali.com\/travel\/hr\/destination\/angel-billabong\/\" rel=\"tag\">Angel Billabong<\/a>,&nbsp;<a href=\"https:\/\/balimojo.dolcevitabali.com\/travel\/hr\/destination\/broken-beach\/\" rel=\"tag\">Broken Beach<\/a>,&nbsp;<a href=\"https:\/\/balimojo.dolcevitabali.com\/travel\/hr\/destination\/crystal-bay\/\" rel=\"tag\">Crystal Bay<\/a>,&nbsp;<a href=\"https:\/\/balimojo.dolcevitabali.com\/travel\/hr\/destination\/kelinking-beach\/\" rel=\"tag\">Kelinking Beach<\/a><\/span><span class=\"yatra-tour-duration\"><i class=\"yatra-icon fa fa-clock\"><\/i>1 Days<\/span><\/div>        <h2 class=\"yatra-tour-title\"><a\n                    href=\"https:\/\/balimojo.dolcevitabali.com\/travel\/hr\/tour\/west-nusa-penida\/\">ZAPADNA PENIDA<\/a><\/h2>\n        <div class=\"yatra-tour-more\">\n            <a href=\"https:\/\/balimojo.dolcevitabali.com\/travel\/hr\/tour\/west-nusa-penida\/\" class=\"yatra-button button yatra-tour-details-button\">\n                View Details            <\/a>\n        <\/div>\n    <\/div>\n<\/div><div class=\"yatra-col-sm-6 yatra-col-md-4 yatra-tour-list-item\">\n    <div class=\"yatra-item-inner\">\n                <div class=\"yatra-figure-wrap\">\n            <a href=\"https:\/\/balimojo.dolcevitabali.com\/travel\/hr\/tour\/east-bali-tour\/\">\n                <figure>\n                                                <img decoding=\"async\" src=\"https:\/\/balimojo.dolcevitabali.com\/travel\/wp-content\/uploads\/2023\/03\/002-tenganan.jpg\"\/>\n                        \n                <\/figure>\n            <\/a>\n            <div class=\"yatra-tour-price\">\n    <p><span>From <\/span>\n                                <span class=\"sales-price\">&#36;110<\/span>\n            <\/p>\n<\/div>        <\/div>\n        <div class=\"yatra-tour-meta\"><span class=\"yatra-cat-links activity-links\"><span class=\"screen-reader-text\">Activity<\/span><i class=\"yatra-icon fa fa-universal-access\"><\/i> <a href=\"https:\/\/balimojo.dolcevitabali.com\/travel\/hr\/activity\/seeing-animals\/\" rel=\"tag\">Susret sa \u017eivotinjama<\/a>,&nbsp;<a href=\"https:\/\/balimojo.dolcevitabali.com\/travel\/hr\/activity\/seeing-most-beautiful-architecture\/\" rel=\"tag\">Lijepa arhitektura<\/a>,&nbsp;<a href=\"https:\/\/balimojo.dolcevitabali.com\/travel\/hr\/activity\/temple-visit\/\" rel=\"tag\">Posjet hramu<\/a>,&nbsp;<a href=\"https:\/\/balimojo.dolcevitabali.com\/travel\/hr\/activity\/visiting-traditional-village\/\" rel=\"tag\">Posjet tradicionalnom selu<\/a><\/span><span class=\"yatra-cat-links destination-links\"><span class=\"screen-reader-text\">Destination<\/span><i class=\"yatra-icon fas fa-map-marker-alt\"><\/i> <a href=\"https:\/\/balimojo.dolcevitabali.com\/travel\/hr\/destination\/goa-lawah-bat-temple\/\" rel=\"tag\">Goa Lawah hram \u0161i\u0161mi\u0161a<\/a>,&nbsp;<a href=\"https:\/\/balimojo.dolcevitabali.com\/travel\/hr\/destination\/taman-ujung-palace\/\" rel=\"tag\">Taman Ujung pala\u010da<\/a>,&nbsp;<a href=\"https:\/\/balimojo.dolcevitabali.com\/travel\/hr\/destination\/tenganan-traditional-village\/\" rel=\"tag\">Selo Tenganan<\/a>,&nbsp;<a href=\"https:\/\/balimojo.dolcevitabali.com\/travel\/hr\/destination\/tirta-gangga\/\" rel=\"tag\">Tirta Gangga<\/a><\/span><span class=\"yatra-tour-duration\"><i class=\"yatra-icon fa fa-clock\"><\/i>1 Days<\/span><\/div>        <h2 class=\"yatra-tour-title\"><a\n                    href=\"https:\/\/balimojo.dolcevitabali.com\/travel\/hr\/tour\/east-bali-tour\/\">ISTO\u010cNI BALI<\/a><\/h2>\n        <div class=\"yatra-tour-more\">\n            <a href=\"https:\/\/balimojo.dolcevitabali.com\/travel\/hr\/tour\/east-bali-tour\/\" class=\"yatra-button button yatra-tour-details-button\">\n                View Details            <\/a>\n        <\/div>\n    <\/div>\n<\/div><div class=\"yatra-col-sm-6 yatra-col-md-4 yatra-tour-list-item\">\n    <div class=\"yatra-item-inner\">\n                <div class=\"yatra-figure-wrap\">\n            <a href=\"https:\/\/balimojo.dolcevitabali.com\/travel\/hr\/tour\/bedugul-jatiluwih-tour\/\">\n                <figure>\n                                                <img decoding=\"async\" src=\"https:\/\/balimojo.dolcevitabali.com\/travel\/wp-content\/uploads\/2023\/03\/001-bedugul.jpg\"\/>\n                        \n                <\/figure>\n            <\/a>\n            <div class=\"yatra-tour-price\">\n    <p><span>From <\/span>\n                                <span class=\"sales-price\">&#36;110<\/span>\n            <\/p>\n<\/div>        <\/div>\n        <div class=\"yatra-tour-meta\"><span class=\"yatra-cat-links activity-links\"><span class=\"screen-reader-text\">Activity<\/span><i class=\"yatra-icon fa fa-universal-access\"><\/i> <a href=\"https:\/\/balimojo.dolcevitabali.com\/travel\/hr\/activity\/photography\/\" rel=\"tag\">Fotografija<\/a>,&nbsp;<a href=\"https:\/\/balimojo.dolcevitabali.com\/travel\/hr\/activity\/temple-visit\/\" rel=\"tag\">Posjet hramu<\/a>,&nbsp;<a href=\"https:\/\/balimojo.dolcevitabali.com\/travel\/hr\/activity\/visiting-traditional-market\/\" rel=\"tag\">Posjet tradicionalnoj tr\u017enici<\/a>,&nbsp;<a href=\"https:\/\/balimojo.dolcevitabali.com\/travel\/hr\/activity\/walking-through-rice-fields\/\" rel=\"tag\">\u0160etnja poljima ri\u017ee<\/a><\/span><span class=\"yatra-cat-links destination-links\"><span class=\"screen-reader-text\">Destination<\/span><i class=\"yatra-icon fas fa-map-marker-alt\"><\/i> <a href=\"https:\/\/balimojo.dolcevitabali.com\/travel\/hr\/destination\/bedugul-traditional-market\/\" rel=\"tag\">Bedugul tradicionalna tr\u017enica<\/a>,&nbsp;<a href=\"https:\/\/balimojo.dolcevitabali.com\/travel\/hr\/destination\/handara-gate\/\" rel=\"tag\">Handara vrata<\/a>,&nbsp;<a href=\"https:\/\/balimojo.dolcevitabali.com\/travel\/hr\/destination\/jatiluwih-rice-terraces\/\" rel=\"tag\">Jatiluwih polja ri\u017ee<\/a>,&nbsp;<a href=\"https:\/\/balimojo.dolcevitabali.com\/travel\/hr\/destination\/pura-ulun-danu-temple\/\" rel=\"tag\">Hram Ulun Danu<\/a>,&nbsp;<a href=\"https:\/\/balimojo.dolcevitabali.com\/travel\/hr\/destination\/wanagiri\/\" rel=\"tag\">Wanagiri<\/a><\/span><span class=\"yatra-tour-duration\"><i class=\"yatra-icon fa fa-clock\"><\/i>1 Days<\/span><\/div>        <h2 class=\"yatra-tour-title\"><a\n                    href=\"https:\/\/balimojo.dolcevitabali.com\/travel\/hr\/tour\/bedugul-jatiluwih-tour\/\">BEDUGUL JATILUWIH TURA<\/a><\/h2>\n        <div class=\"yatra-tour-more\">\n            <a href=\"https:\/\/balimojo.dolcevitabali.com\/travel\/hr\/tour\/bedugul-jatiluwih-tour\/\" class=\"yatra-button button yatra-tour-details-button\">\n                View Details            <\/a>\n        <\/div>\n    <\/div>\n<\/div><\/div><\/div><\/div>\n<p>&nbsp;<\/p>","protected":false},"excerpt":{"rendered":"<p>REMARK Starting prices for most tours listed here apply to a minimum of two passengers, and include rental vehicle, driver, guide and fuel costs. For &hellip; <\/p>","protected":false},"author":1,"featured_media":0,"parent":0,"menu_order":0,"comment_status":"closed","ping_status":"closed","template":"","meta":{"om_disable_all_campaigns":false,"_monsterinsights_skip_tracking":false,"_monsterinsights_sitenote_active":false,"_monsterinsights_sitenote_note":"","_monsterinsights_sitenote_category":0,"ngg_post_thumbnail":0,"footnotes":""},"class_list":["post-773","page","type-page","status-publish","hentry","latest_post"],"aioseo_notices":[],"_links":{"self":[{"href":"https:\/\/balimojo.dolcevitabali.com\/travel\/hr\/wp-json\/wp\/v2\/pages\/773","targetHints":{"allow":["GET"]}}],"collection":[{"href":"https:\/\/balimojo.dolcevitabali.com\/travel\/hr\/wp-json\/wp\/v2\/pages"}],"about":[{"href":"https:\/\/balimojo.dolcevitabali.com\/travel\/hr\/wp-json\/wp\/v2\/types\/page"}],"author":[{"embeddable":true,"href":"https:\/\/balimojo.dolcevitabali.com\/travel\/hr\/wp-json\/wp\/v2\/users\/1"}],"replies":[{"embeddable":true,"href":"https:\/\/balimojo.dolcevitabali.com\/travel\/hr\/wp-json\/wp\/v2\/comments?post=773"}],"version-history":[{"count":10,"href":"https:\/\/balimojo.dolcevitabali.com\/travel\/hr\/wp-json\/wp\/v2\/pages\/773\/revisions"}],"predecessor-version":[{"id":1092,"href":"https:\/\/balimojo.dolcevitabali.com\/travel\/hr\/wp-json\/wp\/v2\/pages\/773\/revisions\/1092"}],"wp:attachment":[{"href":"https:\/\/balimojo.dolcevitabali.com\/travel\/hr\/wp-json\/wp\/v2\/media?parent=773"}],"curies":[{"name":"wp","href":"https:\/\/api.w.org\/{rel}","templated":true}]}}